{"id":5121,"date":"2022-01-01T05:18:45","date_gmt":"2022-01-01T04:18:45","guid":{"rendered":"http:\/\/vincenzosportelli.lu\/wp\/?page_id=5121"},"modified":"2025-04-20T10:30:38","modified_gmt":"2025-04-20T09:30:38","slug":"agenda","status":"publish","type":"page","link":"http:\/\/vincenzosportelli.lu\/wp\/?page_id=5121","title":{"rendered":"Opinions"},"content":{"rendered":"<ol>\n<li>l&#8217;arriv\u00e9e au pouvoir de <b>Poutine<\/b> en 2000 est une des plus grosses catastrophes g\u00e9o-politiques de ce si\u00e8cle, le r\u00e9gime de Poutine n&#8217;a rien \u00e0 avoir avec le communisme mais est plut\u00f4t un r\u00e9gime d&#8217;extr\u00eame-droite, nationaliste, pan-slave, avec des \u00e9l\u00e9ments pseudo-religieux orthodoxes<\/li>\n<li>les Am\u00e9ricains n&#8217;ont pas perdu les <b>guerres<\/b> en Afghanistan et Vietnam mais voulaient juste sortir d&#8217;un bourbier et \u00e9viter d&#8217;autres pertes de vie humaine; en Am\u00e9rique la vie a encore de la valeur, pour Poutine la vie des petites gens n&#8217;a aucune valeur, pour lui la guerre doit durer jusqu&#8217;\u00e0 la victoire, peu importe les pertes !<\/li>\n<li>\u00e0 <b>Gaza<\/b> la population reste prise en otage par un groupe nihiliste, pseudo-islamiste et incapable, bombardements incessants de leurs ennemis, gouvernement palestinien corrompu et accroc au pouvoir, inactions des gouvernements europ\u00e9ens, arabes et am\u00e9ricain, pas de perspectives en vue<\/li>\n<li>ancien pape \u00e9m\u00e9rite <b>Beno\u00eet XVI<\/b> rattrap\u00e9 par une vieille histoire de p\u00e9dophilie dans son ancien dioc\u00e8se o\u00f9 il aurait menti; selon certaines rumeurs, Beno\u00eet XVI avait d\u00e9missionn\u00e9 en 2013, entre autres, \u00e0 cause de certains scandales sexuels dans l&#8217;\u00e9glise (ordre L\u00e9gion du Christ&#8230;)<\/li>\n<li>le <b>pape Fran\u00e7ois<\/b> est un des pires papes de l&#8217;histoire, il est litt\u00e9ralement en train de vider les \u00e9glises<\/li>\n<li>la guerre en <b>Ukraine<\/b> est aussi due \u00e0 l&#8217;incomp\u00e9tence de Merkel, Hollande et du pape (The world will not be destroyed by those who do evil but by those who watch them without doing anything &#8211; Albert Einstein)<\/li>\n<li>Un diable \u00e0 2 t\u00eates, Merkel-conservateur, Hollande-lib\u00e9ral, qui essaie de danser dans 3 mariages en m\u00eame temps: voil\u00e0 comment on a pr\u00e9par\u00e9 la guerre en Ukraine !<\/li>\n<li>L&#8217;Ukraine ne peut y arriver seule. Il faut envoyer plus d&#8217;armes et aussi des troupes mais anonymement. D&#8217;un autre c\u00f4t\u00e9 s&#8217;il n&#8217;y aurait pas cette guerre nous serions encore \u00e0 porter des masques et d\u00e9j\u00e0 \u00e0 la sixi\u00e8me vaccination !<\/li>\n<li>la destruction de <b>l&#8217;amazonie<\/b> et de la for\u00eat vierge \u00e0 Born\u00e9o est un crime contre l&#8217;humanit\u00e9, pire que la guerre en Ukraine<\/li>\n<li>Le <b>mondial<\/b> de la honte au Qatar, entre 400 et 15.000 morts sur les chantiers, qui sait la v\u00e9rit\u00e9 ?<\/li>\n<li>La France a largement pouss\u00e9 \u00e0 la nomination du Qatar comme pays-organisateur de la coupe du monde, c&#8217;est donc mieux que l&#8217;Argentine l&#8217;ait remport\u00e9<\/li>\n<li>Un <b>criminel<\/b> dont on ne r\u00e9ussira jamais \u00e0 se d\u00e9barrasser et que personne ne veut trop critiquer: N\u00e9thanyaou. Honte \u00e0 nos politiciens ! Si vous voulez vous opposer au mal, soyez une alternative au mal !<\/li>\n<li><b>L&#8217;islamisme<\/b> tel que pratiqu\u00e9 en Iran, Afghanistan ou Gaza est pire que le stalinisme car ces gens sont convaincus d&#8217;\u00eatre proches de &#8220;Dieu&#8221;, finalement ce ne sont que des branches du satanisme<\/li>\n<li>Thank you very much president Bush ! <b>Saddam Hussein<\/b> \u00e9tait un des pires criminels de l&#8217;histoire, il aurait compl\u00e8tement d\u00e9truit son pays, de plus il \u00e9tait coll\u00e9 \u00e0 son si\u00e8ge comme personne avant lui. Il n&#8217;y avait pas d&#8217;autres moyens de se d\u00e9barrasser de lui ! Il pensait r\u00e9cup\u00e9rer le pouvoir par des actes terroristes, heureusement que les Am\u00e9ricains ont r\u00e9ussi \u00e0 le pincer, le pays a quand m\u00eame sombr\u00e9 dans le chaos mais personne en Iraq ne regrette Saddam !<\/li>\n<li>Le g\u00e9nocide contre les <b>Arm\u00e9niens<\/b> n&#8217;est pas l&#8217;oeuvre de la Turquie moderne mais de l&#8217;\u00c9tat des Jeunes-Turcs qui a commis plusieurs crimes.<\/li>\n<li>La <b>Russie<\/b> ne veut pas attaquer l&#8217;Europe, c&#8217;est le plus grand pays du monde avec de nombreuses richesses naturelles, pourquoi devrait-elle s&#8217;\u00e9largir encore ? Les d\u00e9penses militaires en vue en Europe sont une pure perte d&#8217;argent, argent qui pourrait servir pour des d\u00e9penses sociales ou pour diminuer le d\u00e9ficit. Au lieu de jeter de l&#8217;argent par la fen\u00eatre il faudrait harmoniser d&#8217;abord les syst\u00e8mes de d\u00e9fense.<\/li>\n<li>L&#8217;Ukrainien est un dialecte russe, il y a une grande minorit\u00e9 russe en Ukraine, la Russie n&#8217;a pas attaqu\u00e9 n&#8217;importe qui mais voulait changer le gouvernement en Ukraine. Elle ne va pas attaquer d&#8217;autres pays. N\u00e9anmoins cette guerre est une grande erreur.<\/li>\n<li>Contre le changement <b>climatique<\/b> il faut planter plus d&#8217;arbres. Or le monde ne r\u00e9agit pas face \u00e0 la d\u00e9forestation en Amazonie, Bassin du Congo, Born\u00e9o. De qui se moque-t-on ? Chaque arbre coup\u00e9 est un crime contre l&#8217;humanit\u00e9 !<\/li>\n<li>Trump est peut-\u00eatre le pire pr\u00e9sident de tous les temps mais sans <b>Obama<\/b> il n&#8217;y aurait pas eu Trump ! Si Obama aurait fait correctement son travail tout ceci ne serait pas arriv\u00e9 !<\/li>\n<\/ol>\n<p>&nbsp;<\/p>\n<div class='watch-action'><div class='watch-position align-left'><div class='action-like'><a class='lbg-style1 like-5121 jlk' href='javascript:void(0)' data-task='like' data-post_id='5121' data-nonce='03d31c875f' rel='nofollow'><img class='wti-pixel' src='http:\/\/vincenzosportelli.lu\/wp\/wp-content\/plugins\/wti-like-post\/images\/pixel.gif' title='Like' \/><span class='lc-5121 lc'>0<\/span><\/a><\/div><div class='action-unlike'><a class='unlbg-style1 unlike-5121 jlk' href='javascript:void(0)' data-task='unlike' data-post_id='5121' data-nonce='03d31c875f' rel='nofollow'><img class='wti-pixel' src='http:\/\/vincenzosportelli.lu\/wp\/wp-content\/plugins\/wti-like-post\/images\/pixel.gif' title='Unlike' \/><span class='unlc-5121 unlc'>0<\/span><\/a><\/div> <\/div> <div class='status-5121 status align-left'><\/div><\/div><div class='wti-clear'><\/div>","protected":false},"excerpt":{"rendered":"<p>l&#8217;arriv\u00e9e au pouvoir de Poutine en 2000 est une des plus grosses catastrophes g\u00e9o-politiques de ce si\u00e8cle, le r\u00e9gime de Poutine n&#8217;a rien \u00e0 avoir avec le communisme mais est plut\u00f4t un r\u00e9gime d&#8217;extr\u00eame-droite, nationaliste, pan-slave, avec des \u00e9l\u00e9ments pseudo-religieux &hellip; <a href=\"http:\/\/vincenzosportelli.lu\/wp\/?page_id=5121\">Continue reading <span class=\"meta-nav\">&rarr;<\/span><\/a><\/p>\n","protected":false},"author":1,"featured_media":0,"parent":0,"menu_order":0,"comment_status":"closed","ping_status":"closed","template":"","meta":{"footnotes":""},"class_list":["post-5121","page","type-page","status-publish","hentry"],"_links":{"self":[{"href":"http:\/\/vincenzosportelli.lu\/wp\/index.php?rest_route=\/wp\/v2\/pages\/5121","targetHints":{"allow":["GET"]}}],"collection":[{"href":"http:\/\/vincenzosportelli.lu\/wp\/index.php?rest_route=\/wp\/v2\/pages"}],"about":[{"href":"http:\/\/vincenzosportelli.lu\/wp\/index.php?rest_route=\/wp\/v2\/types\/page"}],"author":[{"embeddable":true,"href":"http:\/\/vincenzosportelli.lu\/wp\/index.php?rest_route=\/wp\/v2\/users\/1"}],"replies":[{"embeddable":true,"href":"http:\/\/vincenzosportelli.lu\/wp\/index.php?rest_route=%2Fwp%2Fv2%2Fcomments&post=5121"}],"version-history":[{"count":109,"href":"http:\/\/vincenzosportelli.lu\/wp\/index.php?rest_route=\/wp\/v2\/pages\/5121\/revisions"}],"predecessor-version":[{"id":5800,"href":"http:\/\/vincenzosportelli.lu\/wp\/index.php?rest_route=\/wp\/v2\/pages\/5121\/revisions\/5800"}],"wp:attachment":[{"href":"http:\/\/vincenzosportelli.lu\/wp\/index.php?rest_route=%2Fwp%2Fv2%2Fmedia&parent=5121"}],"curies":[{"name":"wp","href":"https:\/\/api.w.org\/{rel}","templated":true}]}}