{"id":29,"date":"2015-02-26T19:15:15","date_gmt":"2015-02-26T18:15:15","guid":{"rendered":"http:\/\/vincenzosportelli.lu\/wp\/?page_id=29"},"modified":"2023-09-11T10:54:40","modified_gmt":"2023-09-11T09:54:40","slug":"a-propos-de-moi","status":"publish","type":"page","link":"http:\/\/vincenzosportelli.lu\/wp\/?page_id=29","title":{"rendered":"Publications"},"content":{"rendered":"<p>Prosper-cosmos.lu est mon livre publi\u00e9 en 2014. Vous trouverez ce livre \u00e0 la biblioth\u00e8que r\u00e9gionale de Dudelange ou au Centre National de Litt\u00e9rature \u00e0 Mersch mais il n&#8217;est plus en vente.<\/p>\n<p style=\"text-align: justify;\"><img loading=\"lazy\" decoding=\"async\" src=\"http:\/\/ecx.images-amazon.com\/images\/I\/41pxVIEl3DL._SL500_.jpg\" alt=\"\" width=\"219\" height=\"307\" \/>\u00a0Livre de mon ami Andr\u00e9 Marchiori que j&#8217;essaie de faire vendre. Un livre tr\u00e8s int\u00e9ressant sur l&#8217;\u00e9conomie mondiale.<\/p>\n<p style=\"text-align: justify;\"><img loading=\"lazy\" decoding=\"async\" id=\"imgBlkFront\" class=\"a-dynamic-image image-stretch-vertical frontImage\" src=\"https:\/\/images-na.ssl-images-amazon.com\/images\/I\/51N%2BF4oEfUL._SX304_BO1,204,203,200_.jpg\" alt=\"\" width=\"191\" height=\"311\" data-a-dynamic-image=\"{&quot;https:\/\/images-na.ssl-images-amazon.com\/images\/I\/51N%2BF4oEfUL._SX304_BO1,204,203,200_.jpg&quot;:[306,499],&quot;https:\/\/images-na.ssl-images-amazon.com\/images\/I\/51N%2BF4oEfUL._SY344_BO1,204,203,200_.jpg&quot;:[213,346]}\" \/> Une boussole des temps modernes !<\/p>\n<p style=\"text-align: justify;\"><a class=\"a-link-normal a-text-normal\" href=\"http:\/\/www.amazon.fr\/LIslam-pour-nuls-M-CLARK\/dp\/2754005315\/ref=sr_1_1?ie=UTF8&amp;qid=1425154206&amp;sr=8-1&amp;keywords=l%27islam+pour+les+nuls\"><img loading=\"lazy\" decoding=\"async\" class=\"s-access-image cfMarker\" src=\"http:\/\/ecx.images-amazon.com\/images\/I\/51afvznXe7L._AA160_.jpg\" alt=\"D\u00e9tails sur le produit\" width=\"160\" height=\"160\" \/><\/a>Peut-\u00eatre le livre le plus int\u00e9ressant que j&#8217;ai jamais lu. Un livre qui vous en apprend beaucoup sur l&#8217;islam mais aussi sur votre propre religion (si vous n&#8217;\u00eates pas Musulman). A conseiller \u00e0 tous ceux qui s&#8217;int\u00e9ressent au spirituel, aux autres moins car ils risqueraient de le mal interpr\u00e9ter. Ce livre vous aide aussi \u00e0 vous poser beaucoup de questions sur ce que pourrait \u00eatre La bonne religion car il vous offre un tour d&#8217;horizon rapide sur la plupart des religions.<\/p>\n<p style=\"text-align: justify;\"><a class=\"a-link-normal a-text-normal\" href=\"http:\/\/www.amazon.fr\/La-peste-1972-Camus-Albert\/dp\/B00QIB7SZA\/ref=sr_1_14?ie=UTF8&amp;qid=1426877359&amp;sr=8-14&amp;keywords=la+peste+camus\"><img loading=\"lazy\" decoding=\"async\" class=\"s-access-image cfMarker\" src=\"http:\/\/ecx.images-amazon.com\/images\/I\/51qF-QgmaxL._AA160_.jpg\" alt=\"D\u00e9tails sur le produit\" width=\"160\" height=\"160\" \/><\/a>Ce livre a provoqu\u00e9 comme un d\u00e9clic chez moi. Depuis que j&#8217;ai lu ce livre j&#8217;\u00e9cris beaucoup mieux le fran\u00e7ais. A conseiller \u00e0 tous ceux qui aimeraient am\u00e9liorer leur fran\u00e7ais et surtout aux \u00e9coliers.<\/p>\n<div class='watch-action'><div class='watch-position align-left'><div class='action-like'><a class='lbg-style1 like-29 jlk' href='javascript:void(0)' data-task='like' data-post_id='29' data-nonce='242f018859' rel='nofollow'><img class='wti-pixel' src='http:\/\/vincenzosportelli.lu\/wp\/wp-content\/plugins\/wti-like-post\/images\/pixel.gif' title='Like' \/><span class='lc-29 lc'>+5<\/span><\/a><\/div><div class='action-unlike'><a class='unlbg-style1 unlike-29 jlk' href='javascript:void(0)' data-task='unlike' data-post_id='29' data-nonce='242f018859' rel='nofollow'><img class='wti-pixel' src='http:\/\/vincenzosportelli.lu\/wp\/wp-content\/plugins\/wti-like-post\/images\/pixel.gif' title='Unlike' \/><span class='unlc-29 unlc'>-1<\/span><\/a><\/div> <\/div> <div class='status-29 status align-left'><\/div><\/div><div class='wti-clear'><\/div>","protected":false},"excerpt":{"rendered":"<p>Prosper-cosmos.lu est mon livre publi\u00e9 en 2014. Vous trouverez ce livre \u00e0 la biblioth\u00e8que r\u00e9gionale de Dudelange ou au Centre National de Litt\u00e9rature \u00e0 Mersch mais il n&#8217;est plus en vente. \u00a0Livre de mon ami Andr\u00e9 Marchiori que j&#8217;essaie de &hellip; <a href=\"http:\/\/vincenzosportelli.lu\/wp\/?page_id=29\">Continue reading <span class=\"meta-nav\">&rarr;<\/span><\/a><\/p>\n","protected":false},"author":1,"featured_media":0,"parent":0,"menu_order":0,"comment_status":"open","ping_status":"open","template":"","meta":{"footnotes":""},"class_list":["post-29","page","type-page","status-publish","hentry"],"_links":{"self":[{"href":"http:\/\/vincenzosportelli.lu\/wp\/index.php?rest_route=\/wp\/v2\/pages\/29","targetHints":{"allow":["GET"]}}],"collection":[{"href":"http:\/\/vincenzosportelli.lu\/wp\/index.php?rest_route=\/wp\/v2\/pages"}],"about":[{"href":"http:\/\/vincenzosportelli.lu\/wp\/index.php?rest_route=\/wp\/v2\/types\/page"}],"author":[{"embeddable":true,"href":"http:\/\/vincenzosportelli.lu\/wp\/index.php?rest_route=\/wp\/v2\/users\/1"}],"replies":[{"embeddable":true,"href":"http:\/\/vincenzosportelli.lu\/wp\/index.php?rest_route=%2Fwp%2Fv2%2Fcomments&post=29"}],"version-history":[{"count":63,"href":"http:\/\/vincenzosportelli.lu\/wp\/index.php?rest_route=\/wp\/v2\/pages\/29\/revisions"}],"predecessor-version":[{"id":5568,"href":"http:\/\/vincenzosportelli.lu\/wp\/index.php?rest_route=\/wp\/v2\/pages\/29\/revisions\/5568"}],"wp:attachment":[{"href":"http:\/\/vincenzosportelli.lu\/wp\/index.php?rest_route=%2Fwp%2Fv2%2Fmedia&parent=29"}],"curies":[{"name":"wp","href":"https:\/\/api.w.org\/{rel}","templated":true}]}}